{"id":639,"date":"2025-12-23T00:13:55","date_gmt":"2025-12-22T21:13:55","guid":{"rendered":"https:\/\/sosyalgirisim.ankaraka.org.tr\/?page_id=639"},"modified":"2025-12-23T01:06:07","modified_gmt":"2025-12-22T22:06:07","slug":"egitimler","status":"publish","type":"page","link":"https:\/\/sosyalgirisim.ankaraka.org.tr\/en\/egitimler\/","title":{"rendered":"Trainings"},"content":{"rendered":"<style>.kb-row-layout-id639_51a36a-4f > .kt-row-column-wrap{align-content:start;}:where(.kb-row-layout-id639_51a36a-4f > .kt-row-column-wrap) > .wp-block-kadence-column{justify-content:start;}.kb-row-layout-id639_51a36a-4f > .kt-row-column-wrap{column-gap:var(--global-kb-gap-md, 2rem);row-gap:var(--global-kb-gap-md, 2rem);max-width:1000px;margin-left:auto;margin-right:auto;padding-top:var(--global-kb-spacing-sm, 1.5rem);padding-bottom:var(--global-kb-spacing-sm, 1.5rem);grid-template-columns:minmax(0, 1fr);}.kb-row-layout-id639_51a36a-4f > .kt-row-layout-overlay{opacity:0.30;}@media all and (max-width: 1024px){.kb-row-layout-id639_51a36a-4f > .kt-row-column-wrap{grid-template-columns:minmax(0, 1fr);}}@media all and (max-width: 767px){.kb-row-layout-id639_51a36a-4f > .kt-row-column-wrap{grid-template-columns:minmax(0, 1fr);}}<\/style><div class=\"kb-row-layout-wrap kb-row-layout-id639_51a36a-4f alignnone wp-block-kadence-rowlayout\"><div class=\"kt-row-column-wrap kt-has-1-columns kt-row-layout-equal kt-tab-layout-inherit kt-mobile-layout-row kt-row-valign-top\">\n<style>.kadence-column639_5813eb-d5 > .kt-inside-inner-col,.kadence-column639_5813eb-d5 > .kt-inside-inner-col:before{border-top-left-radius:0px;border-top-right-radius:0px;border-bottom-right-radius:0px;border-bottom-left-radius:0px;}.kadence-column639_5813eb-d5 > .kt-inside-inner-col{column-gap:var(--global-kb-gap-sm, 1rem);}.kadence-column639_5813eb-d5 > .kt-inside-inner-col{flex-direction:column;}.kadence-column639_5813eb-d5 > .kt-inside-inner-col > .aligncenter{width:100%;}.kadence-column639_5813eb-d5 > .kt-inside-inner-col:before{opacity:0.3;}.kadence-column639_5813eb-d5{position:relative;}@media all and (max-width: 1024px){.kadence-column639_5813eb-d5 > .kt-inside-inner-col{flex-direction:column;justify-content:center;}}@media all and (max-width: 767px){.kadence-column639_5813eb-d5 > .kt-inside-inner-col{flex-direction:column;justify-content:center;}}<\/style>\n<div class=\"wp-block-kadence-column kadence-column639_5813eb-d5\"><div class=\"kt-inside-inner-col\">\n<p>Hibe alan yap\u0131lar\u0131n kurumsal kapasitelerinin g\u00fc\u00e7lendirilmesi ve sosyal giri\u015fimcilik alan\u0131nda s\u00fcrd\u00fcr\u00fclebilir bir geli\u015fimin sa\u011flanmas\u0131 amac\u0131yla \u00e7e\u015fitli e\u011fitim ve dan\u0131\u015fmanl\u0131k faaliyetleri <strong>y\u00fcr\u00fct\u00fclecektir<\/strong>.<br><br><\/p>\n\n\n\n<h4 class=\"wp-block-heading\"><strong>Social Impact Measurement Trainings and Consultancy Support<\/strong><\/h4>\n\n\n\n<p>Kat\u0131l\u0131mc\u0131lar\u0131n projelerinin toplumsal etkisini \u00f6l\u00e7me, de\u011ferlendirme ve raporlama konular\u0131nda bilgi ve beceri kazanmalar\u0131 ama\u00e7lanacakt\u0131r. E\u011fitimlerde etki \u00f6l\u00e7\u00fcm\u00fcne ili\u015fkin temel kavramlar\u0131n yan\u0131 s\u0131ra veri toplama, analiz ve raporlama s\u00fcre\u00e7leri ele al\u0131nacakt\u0131r.<\/p>\n\n\n\n<h4 class=\"wp-block-heading\"><strong>Kaynak Geli\u015ftirme ve Fon Bulma<\/strong><\/h4>\n\n\n\n<p>Sosyal giri\u015fimlerin finansal s\u00fcrd\u00fcr\u00fclebilirli\u011fini desteklemek \u00fczere fon arama, proje geli\u015ftirme, ba\u011f\u0131\u015f toplama ve i\u015f birli\u011fi y\u00f6ntemleri hakk\u0131nda uygulamal\u0131 i\u00e7erikler sunulacakt\u0131r.<\/p>\n\n\n\n<h4 class=\"wp-block-heading\"><strong>Mevzuat ve Yasal Uyum<\/strong><\/h4>\n\n\n\n<p>Dernek, vak\u0131f, kooperatif ve \u015firket yap\u0131lar\u0131nda y\u00fcr\u00fct\u00fclen faaliyetlerin mevzuata uygunlu\u011funu g\u00fc\u00e7lendirmeye y\u00f6nelik olarak, yasal y\u00fck\u00fcml\u00fcl\u00fckler, raporlama ve \u015feffafl\u0131k ilkeleri aktar\u0131lacakt\u0131r.<\/p>\n\n\n\n<h4 class=\"wp-block-heading\"><strong>Finansal Okuryazarl\u0131k<\/strong><\/h4>\n\n\n\n<p>Kurumsal mali y\u00f6netim becerilerinin geli\u015ftirilmesi amac\u0131yla, b\u00fct\u00e7eleme, finansal planlama, raporlama ve kaynak kullan\u0131m\u0131nda etkinlik konular\u0131na odaklan\u0131lacakt\u0131r.<\/p>\n\n\n\n<h4 class=\"wp-block-heading\"><strong>E-Ticaret, Pazarlama ve Fiyatland\u0131rma Stratejileri<\/strong><\/h4>\n\n\n\n<p>Sosyal giri\u015fimlerin dijital pazarlama alan\u0131nda g\u00f6r\u00fcn\u00fcrl\u00fcklerini art\u0131rmalar\u0131 ve \u00fcr\u00fcn\/hizmetlerini s\u00fcrd\u00fcr\u00fclebilir bi\u00e7imde ticarile\u015ftirmeleri desteklenecektir. E\u011fitimlerde dijital sat\u0131\u015f kanallar\u0131, marka y\u00f6netimi, \u00fcr\u00fcn foto\u011fraf\u00e7\u0131l\u0131\u011f\u0131 ve fiyatland\u0131rma stratejileri gibi ba\u015fl\u0131klar i\u015flenecektir.<\/p>\n<\/div><\/div>\n\n<\/div><\/div>","protected":false},"excerpt":{"rendered":"<p>Hibe alan yap\u0131lar\u0131n kurumsal kapasitelerinin g\u00fc\u00e7lendirilmesi ve sosyal giri\u015fimcilik alan\u0131nda s\u00fcrd\u00fcr\u00fclebilir bir geli\u015fimin sa\u011flanmas\u0131 amac\u0131yla \u00e7e\u015fitli e\u011fitim ve dan\u0131\u015fmanl\u0131k faaliyetleri y\u00fcr\u00fct\u00fclecektir. Sosyal Etki \u00d6l\u00e7\u00fcm\u00fc E\u011fitimleri ve Dan\u0131\u015fmanl\u0131k Deste\u011fi Kat\u0131l\u0131mc\u0131lar\u0131n projelerinin&#8230;<\/p>","protected":false},"author":1,"featured_media":0,"parent":0,"menu_order":0,"comment_status":"closed","ping_status":"closed","template":"","meta":{"_kadence_starter_templates_imported_post":false,"_kad_post_transparent":"","_kad_post_title":"","_kad_post_layout":"","_kad_post_sidebar_id":"","_kad_post_content_style":"","_kad_post_vertical_padding":"","_kad_post_feature":"","_kad_post_feature_position":"","_kad_post_header":false,"_kad_post_footer":false,"_kad_post_classname":"","footnotes":""},"class_list":["post-639","page","type-page","status-publish","hentry"],"jetpack_sharing_enabled":true,"_links":{"self":[{"href":"https:\/\/sosyalgirisim.ankaraka.org.tr\/en\/wp-json\/wp\/v2\/pages\/639","targetHints":{"allow":["GET"]}}],"collection":[{"href":"https:\/\/sosyalgirisim.ankaraka.org.tr\/en\/wp-json\/wp\/v2\/pages"}],"about":[{"href":"https:\/\/sosyalgirisim.ankaraka.org.tr\/en\/wp-json\/wp\/v2\/types\/page"}],"author":[{"embeddable":true,"href":"https:\/\/sosyalgirisim.ankaraka.org.tr\/en\/wp-json\/wp\/v2\/users\/1"}],"replies":[{"embeddable":true,"href":"https:\/\/sosyalgirisim.ankaraka.org.tr\/en\/wp-json\/wp\/v2\/comments?post=639"}],"version-history":[{"count":2,"href":"https:\/\/sosyalgirisim.ankaraka.org.tr\/en\/wp-json\/wp\/v2\/pages\/639\/revisions"}],"predecessor-version":[{"id":721,"href":"https:\/\/sosyalgirisim.ankaraka.org.tr\/en\/wp-json\/wp\/v2\/pages\/639\/revisions\/721"}],"wp:attachment":[{"href":"https:\/\/sosyalgirisim.ankaraka.org.tr\/en\/wp-json\/wp\/v2\/media?parent=639"}],"curies":[{"name":"wp","href":"https:\/\/api.w.org\/{rel}","templated":true}]}}