{"id":631,"date":"2025-12-23T00:10:11","date_gmt":"2025-12-22T21:10:11","guid":{"rendered":"https:\/\/sosyalgirisim.ankaraka.org.tr\/?page_id=631"},"modified":"2025-12-23T01:06:42","modified_gmt":"2025-12-22T22:06:42","slug":"basari-hikayeleri","status":"publish","type":"page","link":"https:\/\/sosyalgirisim.ankaraka.org.tr\/en\/basari-hikayeleri\/","title":{"rendered":"Success Stories"},"content":{"rendered":"<style>.kb-row-layout-id631_55540f-08 > .kt-row-column-wrap{align-content:start;}:where(.kb-row-layout-id631_55540f-08 > .kt-row-column-wrap) > .wp-block-kadence-column{justify-content:start;}.kb-row-layout-id631_55540f-08 > .kt-row-column-wrap{column-gap:var(--global-kb-gap-md, 2rem);row-gap:var(--global-kb-gap-md, 2rem);max-width:1000px;margin-left:auto;margin-right:auto;padding-top:var(--global-kb-spacing-sm, 1.5rem);padding-bottom:var(--global-kb-spacing-sm, 1.5rem);grid-template-columns:minmax(0, 1fr);}.kb-row-layout-id631_55540f-08 > .kt-row-layout-overlay{opacity:0.30;}@media all and (max-width: 1024px){.kb-row-layout-id631_55540f-08 > .kt-row-column-wrap{grid-template-columns:minmax(0, 1fr);}}@media all and (max-width: 767px){.kb-row-layout-id631_55540f-08 > .kt-row-column-wrap{grid-template-columns:minmax(0, 1fr);}}<\/style><div class=\"kb-row-layout-wrap kb-row-layout-id631_55540f-08 alignnone wp-block-kadence-rowlayout\"><div class=\"kt-row-column-wrap kt-has-1-columns kt-row-layout-equal kt-tab-layout-inherit kt-mobile-layout-row kt-row-valign-top\">\n<style>.kadence-column631_0c515f-66 > .kt-inside-inner-col,.kadence-column631_0c515f-66 > .kt-inside-inner-col:before{border-top-left-radius:0px;border-top-right-radius:0px;border-bottom-right-radius:0px;border-bottom-left-radius:0px;}.kadence-column631_0c515f-66 > .kt-inside-inner-col{column-gap:var(--global-kb-gap-sm, 1rem);}.kadence-column631_0c515f-66 > .kt-inside-inner-col{flex-direction:column;}.kadence-column631_0c515f-66 > .kt-inside-inner-col > .aligncenter{width:100%;}.kadence-column631_0c515f-66 > .kt-inside-inner-col:before{opacity:0.3;}.kadence-column631_0c515f-66{position:relative;}@media all and (max-width: 1024px){.kadence-column631_0c515f-66 > .kt-inside-inner-col{flex-direction:column;justify-content:center;}}@media all and (max-width: 767px){.kadence-column631_0c515f-66 > .kt-inside-inner-col{flex-direction:column;justify-content:center;}}<\/style>\n<div class=\"wp-block-kadence-column kadence-column631_0c515f-66\"><div class=\"kt-inside-inner-col\">\n<p>Proje s\u00fcrecinin sonunda, uygulanan iyi \u00f6rneklerin, ba\u015far\u0131 hik\u00e2yelerinin ve elde edilen \u00e7\u0131kt\u0131lar\u0131n yer ald\u0131\u011f\u0131 <strong>Proje Kitap\u00e7\u0131\u011f\u0131<\/strong> with <strong>Tan\u0131t\u0131m Videolar\u0131<\/strong> yay\u0131mlanacakt\u0131r.<\/p>\n\n\n\n<p><\/p>\n\n\n\n<p><strong>Proje Kitap\u00e7\u0131\u011f\u0131<\/strong><br>Hibe deste\u011fiyle hayata ge\u00e7irilen <strong>t\u00fcm projenin<\/strong> ama\u00e7lar\u0131n\u0131, uygulama s\u00fcre\u00e7lerini ve elde edilen sonu\u00e7lar\u0131 i\u00e7eren dijital bir yay\u0131n olarak yay\u0131mlanacakt\u0131r. Kitap\u00e7\u0131k, proje genel \u00e7\u0131kt\u0131lar\u0131yla birlikte iyi uygulamalar\u0131 ve \u00f6\u011frenilen deneyimleri payla\u015facakt\u0131r.<\/p>\n\n\n\n<p><\/p>\n\n\n\n<p><strong>Tan\u0131t\u0131m Videolar\u0131<\/strong><br>Projenin genel tan\u0131t\u0131m\u0131n\u0131, \u00e7\u0131kt\u0131lar\u0131 ve etkilerini yans\u0131tan bir video ile birlikte, hibe deste\u011fi alan 22 projenin i\u00e7in k\u0131sa tan\u0131t\u0131m videolar\u0131 haz\u0131rlanacakt\u0131r. Videolar, projelerin sosyal etkisini g\u00f6r\u00fcn\u00fcr k\u0131lmay\u0131 ve iyi \u00f6rneklerin yayg\u0131nla\u015ft\u0131r\u0131lmas\u0131n\u0131 ama\u00e7lamaktad\u0131r.<\/p>\n<\/div><\/div>\n\n<\/div><\/div>","protected":false},"excerpt":{"rendered":"<p>Proje s\u00fcrecinin sonunda, uygulanan iyi \u00f6rneklerin, ba\u015far\u0131 hik\u00e2yelerinin ve elde edilen \u00e7\u0131kt\u0131lar\u0131n yer ald\u0131\u011f\u0131 Proje Kitap\u00e7\u0131\u011f\u0131 ile Tan\u0131t\u0131m Videolar\u0131 yay\u0131mlanacakt\u0131r. Proje Kitap\u00e7\u0131\u011f\u0131Hibe deste\u011fiyle hayata ge\u00e7irilen t\u00fcm projenin ama\u00e7lar\u0131n\u0131, uygulama s\u00fcre\u00e7lerini&#8230;<\/p>","protected":false},"author":1,"featured_media":0,"parent":0,"menu_order":0,"comment_status":"closed","ping_status":"closed","template":"","meta":{"_kadence_starter_templates_imported_post":false,"_kad_post_transparent":"","_kad_post_title":"","_kad_post_layout":"","_kad_post_sidebar_id":"","_kad_post_content_style":"","_kad_post_vertical_padding":"","_kad_post_feature":"","_kad_post_feature_position":"","_kad_post_header":false,"_kad_post_footer":false,"_kad_post_classname":"","footnotes":""},"class_list":["post-631","page","type-page","status-publish","hentry"],"jetpack_sharing_enabled":true,"_links":{"self":[{"href":"https:\/\/sosyalgirisim.ankaraka.org.tr\/en\/wp-json\/wp\/v2\/pages\/631","targetHints":{"allow":["GET"]}}],"collection":[{"href":"https:\/\/sosyalgirisim.ankaraka.org.tr\/en\/wp-json\/wp\/v2\/pages"}],"about":[{"href":"https:\/\/sosyalgirisim.ankaraka.org.tr\/en\/wp-json\/wp\/v2\/types\/page"}],"author":[{"embeddable":true,"href":"https:\/\/sosyalgirisim.ankaraka.org.tr\/en\/wp-json\/wp\/v2\/users\/1"}],"replies":[{"embeddable":true,"href":"https:\/\/sosyalgirisim.ankaraka.org.tr\/en\/wp-json\/wp\/v2\/comments?post=631"}],"version-history":[{"count":2,"href":"https:\/\/sosyalgirisim.ankaraka.org.tr\/en\/wp-json\/wp\/v2\/pages\/631\/revisions"}],"predecessor-version":[{"id":723,"href":"https:\/\/sosyalgirisim.ankaraka.org.tr\/en\/wp-json\/wp\/v2\/pages\/631\/revisions\/723"}],"wp:attachment":[{"href":"https:\/\/sosyalgirisim.ankaraka.org.tr\/en\/wp-json\/wp\/v2\/media?parent=631"}],"curies":[{"name":"wp","href":"https:\/\/api.w.org\/{rel}","templated":true}]}}