{"id":628,"date":"2025-12-23T00:08:50","date_gmt":"2025-12-22T21:08:50","guid":{"rendered":"https:\/\/sosyalgirisim.ankaraka.org.tr\/?page_id=628"},"modified":"2026-03-03T12:22:42","modified_gmt":"2026-03-03T09:22:42","slug":"kaynaklar","status":"publish","type":"page","link":"https:\/\/sosyalgirisim.ankaraka.org.tr\/en\/kaynaklar\/","title":{"rendered":"Sources"},"content":{"rendered":"<style>.kb-row-layout-id628_7ab397-71 > .kt-row-column-wrap{align-content:start;}:where(.kb-row-layout-id628_7ab397-71 > .kt-row-column-wrap) > .wp-block-kadence-column{justify-content:start;}.kb-row-layout-id628_7ab397-71 > .kt-row-column-wrap{column-gap:var(--global-kb-gap-md, 2rem);row-gap:var(--global-kb-gap-md, 2rem);max-width:1000px;margin-left:auto;margin-right:auto;padding-top:var(--global-kb-spacing-sm, 1.5rem);padding-bottom:var(--global-kb-spacing-sm, 1.5rem);grid-template-columns:minmax(0, 1fr);}.kb-row-layout-id628_7ab397-71 > .kt-row-layout-overlay{opacity:0.30;}@media all and (max-width: 1024px){.kb-row-layout-id628_7ab397-71 > .kt-row-column-wrap{grid-template-columns:minmax(0, 1fr);}}@media all and (max-width: 767px){.kb-row-layout-id628_7ab397-71 > .kt-row-column-wrap{grid-template-columns:minmax(0, 1fr);}}<\/style><div class=\"kb-row-layout-wrap kb-row-layout-id628_7ab397-71 alignnone wp-block-kadence-rowlayout\"><div class=\"kt-row-column-wrap kt-has-1-columns kt-row-layout-equal kt-tab-layout-inherit kt-mobile-layout-row kt-row-valign-top\">\n<style>.kadence-column628_840684-2f > .kt-inside-inner-col,.kadence-column628_840684-2f > .kt-inside-inner-col:before{border-top-left-radius:0px;border-top-right-radius:0px;border-bottom-right-radius:0px;border-bottom-left-radius:0px;}.kadence-column628_840684-2f > .kt-inside-inner-col{column-gap:var(--global-kb-gap-sm, 1rem);}.kadence-column628_840684-2f > .kt-inside-inner-col{flex-direction:column;}.kadence-column628_840684-2f > .kt-inside-inner-col > .aligncenter{width:100%;}.kadence-column628_840684-2f > .kt-inside-inner-col:before{opacity:0.3;}.kadence-column628_840684-2f{position:relative;}@media all and (max-width: 1024px){.kadence-column628_840684-2f > .kt-inside-inner-col{flex-direction:column;justify-content:center;}}@media all and (max-width: 767px){.kadence-column628_840684-2f > .kt-inside-inner-col{flex-direction:column;justify-content:center;}}<\/style>\n<div class=\"wp-block-kadence-column kadence-column628_840684-2f\"><div class=\"kt-inside-inner-col\">\n<ul class=\"wp-block-list\">\n<li><a href=\"https:\/\/kusif.ku.edu.tr\/sites\/kusif.ku.edu.tr\/files\/MaximiseYourImpactTR.pdf\">Etkinizi Zirveye Ta\u015f\u0131y\u0131n, Sosyal Giri\u015fimcinin Rehberi <\/a><\/li>\n\n\n\n<li><a href=\"https:\/\/www.gsb.stanford.edu\/-research\/publications\/kickstart-iv-measuring-impact\">KickStart IV: Measuring Impact<\/a><\/li>\n\n\n\n<li><a href=\"https:\/\/kentselstrateji.com\/proje\/sosyal-etki-degerlendirme-rehberi-sed\/\">Sosyal Etki De\u011ferlendirme Rehberi<\/a><\/li>\n\n\n\n<li><a href=\"https:\/\/sosyalgirisimcilikagi.org\/en\/sosyal-girisimcinin-dijital-alet-cantasi\"><strong><em>Sosyal Giri\u015fimcinin Dijital Alet \u00c7antas\u0131 <\/em><\/strong>&#8211; T\u00fcrkiye Sosyal Giri\u015fimcilik A\u011f\u0131, 2020<\/a><\/li>\n\n\n\n<li><a href=\"https:\/\/ashokaturkiye.medium.com\/gen%C3%A7ler-ve-d%C3%BCnyay%C4%B1-d%C3%B6n%C3%BC%C5%9Ft%C3%BCrecek-beceriler-8f26aa33af9d\"><strong><em>Gen\u00e7ler ve D\u00fcnyay\u0131 D\u00f6n\u00fc\u015ft\u00fcrecek Beceriler <\/em><\/strong>&#8211; Ashoka T\u00fcrkiye, 2022<\/a><\/li>\n\n\n\n<li><a href=\"https:\/\/www.britishcouncil.org.tr\/sites\/default\/files\/20190702_se_research_report_the_state_of_social_enterprise_in_turkey_tr_double_page.pdf\"><strong><em>T\u00fcrkiye\u2019de Sosyal Giri\u015fimlerin Durumu <\/em><\/strong>&#8211; British Council, 2019<\/a><\/li>\n\n\n\n<li><strong><em>T\u00fcrkiye Sosyal Giri\u015fimcilik Okulu<\/em><\/strong><em>: Sosyal etki kavram\u0131 ve etki odakl\u0131 d\u00fc\u015f\u00fcnme konular\u0131n\u0131 i\u00e7eren e\u011fitim videolar\u0131 ve webinar kay\u0131tlar\u0131 <\/em>&#8211; TSGA<\/li>\n<\/ul>\n<\/div><\/div>\n\n<\/div><\/div>","protected":false},"excerpt":{"rendered":"","protected":false},"author":1,"featured_media":0,"parent":0,"menu_order":0,"comment_status":"closed","ping_status":"closed","template":"","meta":{"_kadence_starter_templates_imported_post":false,"_kad_post_transparent":"","_kad_post_title":"","_kad_post_layout":"","_kad_post_sidebar_id":"","_kad_post_content_style":"","_kad_post_vertical_padding":"","_kad_post_feature":"","_kad_post_feature_position":"","_kad_post_header":false,"_kad_post_footer":false,"_kad_post_classname":"","footnotes":""},"class_list":["post-628","page","type-page","status-publish","hentry"],"jetpack_sharing_enabled":true,"_links":{"self":[{"href":"https:\/\/sosyalgirisim.ankaraka.org.tr\/en\/wp-json\/wp\/v2\/pages\/628","targetHints":{"allow":["GET"]}}],"collection":[{"href":"https:\/\/sosyalgirisim.ankaraka.org.tr\/en\/wp-json\/wp\/v2\/pages"}],"about":[{"href":"https:\/\/sosyalgirisim.ankaraka.org.tr\/en\/wp-json\/wp\/v2\/types\/page"}],"author":[{"embeddable":true,"href":"https:\/\/sosyalgirisim.ankaraka.org.tr\/en\/wp-json\/wp\/v2\/users\/1"}],"replies":[{"embeddable":true,"href":"https:\/\/sosyalgirisim.ankaraka.org.tr\/en\/wp-json\/wp\/v2\/comments?post=628"}],"version-history":[{"count":5,"href":"https:\/\/sosyalgirisim.ankaraka.org.tr\/en\/wp-json\/wp\/v2\/pages\/628\/revisions"}],"predecessor-version":[{"id":764,"href":"https:\/\/sosyalgirisim.ankaraka.org.tr\/en\/wp-json\/wp\/v2\/pages\/628\/revisions\/764"}],"wp:attachment":[{"href":"https:\/\/sosyalgirisim.ankaraka.org.tr\/en\/wp-json\/wp\/v2\/media?parent=628"}],"curies":[{"name":"wp","href":"https:\/\/api.w.org\/{rel}","templated":true}]}}